{"id":950,"date":"2016-06-15T12:19:31","date_gmt":"2016-06-15T12:19:31","guid":{"rendered":"http:\/\/www.esg.cat\/?page_id=950"},"modified":"2023-03-29T14:49:43","modified_gmt":"2023-03-29T14:49:43","slug":"avis-legal","status":"publish","type":"page","link":"https:\/\/www.esg.cat\/index.php\/avis-legal\/","title":{"rendered":"Av\u00eds Legal"},"content":{"rendered":"\n<style type=\"text\/css\" data-created_by=\"avia_inline_auto\" id=\"style-css-av-av_one_full-6126cab7d8fab8d08143dd2dacdf673c\">\n.flex_column.av-av_one_full-6126cab7d8fab8d08143dd2dacdf673c{\nborder-radius:0px 0px 0px 0px;\npadding:0px 0px 0px 0px;\n}\n<\/style>\n<div  class='flex_column av-av_one_full-6126cab7d8fab8d08143dd2dacdf673c av_one_full  avia-builder-el-0  avia-builder-el-no-sibling  first flex_column_div av-zero-column-padding  '     ><section  class='av_textblock_section av-av_textblock-0366cc7376be6c9e82a3e9cc8987b64f '  ><div class='avia_textblock' ><h1 class=\"p1\"><b><\/b><span class=\"s1\">Av\u00eds Legal<\/span><\/h1>\n<p class=\"p1\"><span class=\"s1\">El lloc web\u00a0<b>www.esg.cat<\/b>\u00a0\u00e9s titularitat de ELECTR\u00d2NICA SABOYA, S.L., amb NIF B-60734332; domicili al c\/Montseny, 47 local 2, 08440\u00a0\u2013 CARDEDEU; info@elecsaboya.com<\/span><\/p>\n<h2 class=\"p2\"><span class=\"s1\">Pol\u00edtica de privacitat<\/span><\/h2>\n<p class=\"p2\"><span class=\"s1\">NOM, en endavant ELECTRO SERVEI GRUP, es compromet a protegir la privacitat dels usuaris que accedeixin a aquesta web i\/o qualsevol dels seus serveis. La utilitzaci\u00f3 de la web i\/o de qualsevol dels serveis oferts per ELECTR\u00d2NICA SABOYA, S.L. implica l&#8217;acceptaci\u00f3 per part de l&#8217;usuari de les disposicions contingudes en la present <strong>Pol\u00edtica de Privacitat<\/strong> i que les seves dades personals siguin tractades segons s&#8217;estipula en ella. Si us plau, tingui en compte que tot i que hi pugui haver enlla\u00e7os de la nostra web a altres webs, aquesta Pol\u00edtica de Privacitat no s&#8217;aplica a les webs d&#8217;altres companyies o organitzacions a les quals\u00a0aquesta\u00a0web estigui redirigida.ELECTR\u00d2NICA SABOYA, S.L. no controla el contingut de les webs de tercers ni accepta qualsevol responsabilitat pel contingut o les pol\u00edtiques de privacitat d&#8217;aquestes webs.<\/span><\/p>\n<ul class=\"ul1\">\n<li class=\"li3\"><b><\/b><span class=\"s1\"><b>Dret d&#8217;informaci\u00f3<\/b>: En virtut del que estableix la Llei Org\u00e0nica 15\/1999, de 13 de desembre, sobre Protecci\u00f3 de Dades de Car\u00e0cter Personal, ELECTR\u00d2NICA SABOYA, S.L. informa als usuaris d&#8217;aquest lloc web i de qualsevol dels seus serveis de l&#8217;exist\u00e8ncia de fitxers de dades de car\u00e0cter personal.<\/span><\/li>\n<li class=\"li3\"><b><\/b><span class=\"s1\"><b>Finalitat<\/b>: Les dades personals dels usuaris recollides mitjan\u00e7ant la nostra p\u00e0gina web o a trav\u00e9s\u00a0de qualsevol altre formulari o suport, inclosos els formularis de participaci\u00f3 en les nostres promocions o concursos, ho seran amb la finalitat de gestionar la seva sol\u00b7licitud i\/o la participaci\u00f3 en la promoci\u00f3 o concurs de que es tracti, d\u2019oferir-li ELECTR\u00d2NICA SABOYA, S.L. i els nostres serveis de promoci\u00f3 econ\u00f2mica i d\u2019interrelaci\u00f3 empresarial, de mantenir-lo informat per qualsevol mitj\u00e0 de comunicaci\u00f3, inclosos els mitjans electr\u00f2nics, dels nostres productes i serveis, aix\u00ed com per gestionar qualsevol altre tipus de relaci\u00f3 que mantingui amb nosaltres.<\/span><b><\/b><\/li>\n<li class=\"li3\"><span class=\"s2\"><b>Veracitat de les dades<\/b>: L&#8217;usuari garanteix que les dades personals facilitades s\u00f3n certes i es fa responsable de comunicar qualsevol modificaci\u00f3 de les mateixes. Les dades que estiguin marcades amb un asterisc seran obligat\u00f2ries per poder donar-li el servei sol\u00b7licitat.<\/span><b><\/b><\/li>\n<li class=\"li3\"><span class=\"s2\"><b>Consentiment de l&#8217;usuari<\/b>: El subministrament de les seves dades implica l&#8217;acceptaci\u00f3 d\u2019aquesta pol\u00edtica de privacitat, i suposa el consentiment expr\u00e9s de l\u2019usuari per al tractament de les seves dades per a les finalitats abans descrites, aix\u00ed com per a l&#8217;enviament de newsletters, comunicacions via correu postal, tel\u00e8fon, fax, SMS, correu electr\u00f2nic i qualsevol mitj\u00e0 telem\u00e0tic, amb informaci\u00f3 comercial dels productes i serveis d&#8217;ELECTR\u00d2NICA SABOYA, S.L., sempre que no ens hagi indicat que no vol rebre aquest tipus d&#8217;informaci\u00f3, la qual cosa pot fer enviant-nos un correu a INFO@ELECSABOYA.COM amb l&#8217;assumpte BAIXA PUBLICITAT.<\/span><\/li>\n<\/ul>\n<p class=\"p2\" style=\"padding-left: 30px;\"><span class=\"s2\">L\u2019usuari tamb\u00e9 dona el seu consentiment per a que les dades recollides a trav\u00e9s dels apartats de subscripci\u00f3 d&#8217;aquest web o d\u2019altres webs o aplicacions als que sigui aplicable aquesta pol\u00edtica de privacitat,\u00a0siguin emmagatzemades al datacenter de l&#8217;empresa The Rocket Science Group, LLC, que proporciona el servei de correu electr\u00f2nic m\u00e0rqueting anomenat MailChimp, situat als Estats Units, pa\u00eds que t\u00e9 unes lleis de privacitat que no s\u00f3n tan protectores com les aplicables en la Uni\u00f3 Europea, per b\u00e9 que MailChimp, que actuar\u00e0 com a encarregada de tractament en la recollida i emmagatzematge de les seves dades, incorpora en el seu acord de processament de dades les cl\u00e0usules contractuals tipus establertes en la Decisi\u00f3 de la Comissi\u00f3 Europea 2010\/87\/UE, de 5 febrer de 2010, per donar les garanties adequades exigides en una transfer\u00e8ncia internacional de dades.<\/span><\/p>\n<p class=\"p2\" style=\"padding-left: 30px;\"><span class=\"s2\">Aix\u00ed mateix, la participaci\u00f3 en les nostres promocions o concursos implica el seu consentiment per a la publicaci\u00f3 de les seves dades identificatives i\/o la seva imatge en els diferents espais i mitjans de comunicaci\u00f3 i difusi\u00f3 utilitzats per ELECTR\u00d2NICA SABOYA, S.L, incloses les xarxes socials, amb la finalitat de promocionar els seus serveis i activitats.<\/span><\/p>\n<ul class=\"ul1\">\n<li class=\"li1\"><b><\/b><span class=\"s2\"><b>Cessions<\/b>: ELECTR\u00d2NICA SABOYA, S.L \u00fanicament realitzar\u00e0 cessions de dades quan ho exigeixi la legislaci\u00f3 vigent per atendre les seves obligacions legals amb les diferents administracions competents.<\/span><\/li>\n<li class=\"li1\"><b><\/b><span class=\"s2\"><b>Drets d&#8217;acc\u00e9s, rectificaci\u00f3, oposici\u00f3 i cancel\u00b7laci\u00f3<\/b>: L&#8217;usuari podr\u00e0 exercir els seus drets d&#8217;acc\u00e9s, rectificaci\u00f3, oposici\u00f3 i cancel\u00b7laci\u00f3 en els termes previstos en la LOPD i la seva normativa de desenvolupament, a les nostres oficines situades alc\/Montseny, 47 local 2, 08440\u00a0\u2013 CARDEDEU, mitjan\u00e7ant comunicaci\u00f3 escrita i fotoc\u00f2pia del DNI indicant la refer\u00e8ncia LOPD o mitjan\u00e7ant l\u2019adre\u00e7a de correu electr\u00f2nica INFO@ELECSABOYA.COM<\/span><\/li>\n<li class=\"li1\"><b><\/b><span class=\"s2\"><b>Mesures de seguretat<\/b>: ELECTR\u00d2NICA SABOYA, S.L l&#8217;informa que ha adoptat les mesures t\u00e8cniques i organitzatives necess\u00e0ries per mantenir el nivell de seguretat requerit en el tractament de les dades de car\u00e0cter personal i tamb\u00e9 t\u00e9 els mecanismes necessaris per prevenir, en la mesura que sigui possible, l\u2019acc\u00e9s no autoritzat, robatori, modificacions il\u00b7l\u00edcites i la p\u00e8rdua de dades.<\/span><\/li>\n<li class=\"li1\"><b><\/b><span class=\"s2\"><b>Confidencialitat<\/b>: En compliment de la normativa vigent, ELECTR\u00d2NICA SABOYA, S.L es compromet a complir la seva obligaci\u00f3 de secret respecte de les dades personals que l&#8217;usuari li faciliti.<\/span><\/li>\n<li class=\"li1\"><b><\/b><span class=\"s2\"><b>Cookies<\/b>: ELECTR\u00d2NICA SABOYA, S.L utilitza cookies durant la navegaci\u00f3 per la seva p\u00e0gina web. L&#8217;usuari pot configurar el seu navegador perqu\u00e8 l&#8217;avisi de la utilitzaci\u00f3 de cookies i per evitar el seu \u00fas. Si us plau, visiti la nostra\u00a0<a href=\"http:\/\/www.esg.cat\/index.php\/politica-cookies\/\"><span class=\"s3\">Pol\u00edtica sobre cookies<\/span><\/a><\/span><\/li>\n<li class=\"li1\"><b><\/b><span class=\"s2\"><b>Actualitzaci\u00f3 de la Pol\u00edtica de Privacitat<\/b>: ELECTR\u00d2NICA SABOYA, S.L pot modificar i actualitzar aquesta Pol\u00edtica de Privacitat en qualsevol moment. Comprovi sempre que est\u00e0 al corrent de la nostra Pol\u00edtica de Privacitat.<\/span><\/li>\n<\/ul>\n<h2 class=\"p1\"><span class=\"s1\">Consentiment per a l\u2019enviament de comunicacions comercials a persones jur\u00eddiques<\/span><\/h2>\n<p class=\"p1\"><span class=\"s1\">El fet de subministrar dades empresarials mitjan\u00e7ant aquesta web autoritza a ELECTR\u00d2NICA SABOYA, S.L\u00a0a remetre-li comunicacions comercials electr\u00f2niques dels seus productes i serveis, sempre que no ens hagi indicat que no vol rebre aquest tipus d&#8217;informaci\u00f3, la qual cosa pot fer enviant-nos un correu a INFO@ELECSABOYA.COM amb l&#8217;assumpte BAIXA PUBLICITAT.<\/span><\/p>\n<h2 class=\"p1\"><span class=\"s1\">Propietat intel\u00b7lectual<\/span><\/h2>\n<p class=\"p1\"><span class=\"s1\">Els continguts d\u2019aquest lloc web, incloent els seus gr\u00e0fics, logotips, dissenys, imatges i codi font utilitzat per a la seva programaci\u00f3, estan subjectes als drets de propietat intel\u00b7lectual i s\u00f3n titularitat exclusiva d&#8217;ELECTR\u00d2NICA SABOYA, S.L. Els textos, imatges, animacions, software i la resta de continguts inclosos en aquest lloc web s\u00f3n, per tant, propietat exclusiva d&#8217;ELECTR\u00d2NICA SABOYA, S.L o els seus llicenciants, per la qual cosa qualsevol acte de transmissi\u00f3, distribuci\u00f3, cessi\u00f3, reproducci\u00f3, emmagatzemament o comunicaci\u00f3 p\u00fablica total o parcial, ha de comptar amb el consentiment expr\u00e9s d&#8217;ELECTR\u00d2NICA SABOYA, S.L.<\/span><\/p>\n<\/div><\/section><\/div>\n","protected":false},"excerpt":{"rendered":"","protected":false},"author":1,"featured_media":0,"parent":0,"menu_order":16,"comment_status":"closed","ping_status":"closed","template":"","meta":{"footnotes":""},"class_list":["post-950","page","type-page","status-publish","hentry"],"yoast_head":"<!-- This site is optimized with the Yoast SEO plugin v26.0 - https:\/\/yoast.com\/wordpress\/plugins\/seo\/ -->\n<title>Av\u00eds Legal - ESG - Electro Servei Grup - Solucions de telecomunicacions<\/title>\n<meta name=\"description\" content=\"Av\u00eds Legal - www.esg.cat - Electr\u00f2nica Saboya, S.L. - Carrer Montseny, 47 local 2 - 08440 Cardedeu - Barcelona - e-mail: info@elecsaboya.com\" \/>\n<meta name=\"robots\" content=\"index, follow, max-snippet:-1, max-image-preview:large, max-video-preview:-1\" \/>\n<link rel=\"canonical\" href=\"https:\/\/www.esg.cat\/index.php\/avis-legal\/\" \/>\n<meta property=\"og:locale\" content=\"ca_ES\" \/>\n<meta property=\"og:type\" content=\"article\" \/>\n<meta property=\"og:title\" content=\"Av\u00eds Legal - ESG - Electro Servei Grup - Solucions de telecomunicacions\" \/>\n<meta property=\"og:description\" content=\"Av\u00eds Legal - www.esg.cat - Electr\u00f2nica Saboya, S.L. - Carrer Montseny, 47 local 2 - 08440 Cardedeu - Barcelona - e-mail: info@elecsaboya.com\" \/>\n<meta property=\"og:url\" content=\"https:\/\/www.esg.cat\/index.php\/avis-legal\/\" \/>\n<meta property=\"og:site_name\" content=\"Electro Servei Grup\" \/>\n<meta property=\"article:publisher\" content=\"https:\/\/www.facebook.com\/electroserveigrup\" \/>\n<meta property=\"article:modified_time\" content=\"2023-03-29T14:49:43+00:00\" \/>\n<meta name=\"twitter:card\" content=\"summary_large_image\" \/>\n<meta name=\"twitter:site\" content=\"@ElectroServeiGr\" \/>\n<meta name=\"twitter:label1\" content=\"Temps estimat de lectura\" \/>\n\t<meta name=\"twitter:data1\" content=\"6 minuts\" \/>\n<script type=\"application\/ld+json\" class=\"yoast-schema-graph\">{\"@context\":\"https:\/\/schema.org\",\"@graph\":[{\"@type\":\"WebPage\",\"@id\":\"https:\/\/www.esg.cat\/index.php\/avis-legal\/\",\"url\":\"https:\/\/www.esg.cat\/index.php\/avis-legal\/\",\"name\":\"Av\u00eds Legal - ESG - Electro Servei Grup - Solucions de telecomunicacions\",\"isPartOf\":{\"@id\":\"https:\/\/www.esg.cat\/#website\"},\"datePublished\":\"2016-06-15T12:19:31+00:00\",\"dateModified\":\"2023-03-29T14:49:43+00:00\",\"description\":\"Av\u00eds Legal - www.esg.cat - Electr\u00f2nica Saboya, S.L. - Carrer Montseny, 47 local 2 - 08440 Cardedeu - Barcelona - e-mail: info@elecsaboya.com\",\"breadcrumb\":{\"@id\":\"https:\/\/www.esg.cat\/index.php\/avis-legal\/#breadcrumb\"},\"inLanguage\":\"ca\",\"potentialAction\":[{\"@type\":\"ReadAction\",\"target\":[\"https:\/\/www.esg.cat\/index.php\/avis-legal\/\"]}]},{\"@type\":\"BreadcrumbList\",\"@id\":\"https:\/\/www.esg.cat\/index.php\/avis-legal\/#breadcrumb\",\"itemListElement\":[{\"@type\":\"ListItem\",\"position\":1,\"name\":\"Inici\",\"item\":\"https:\/\/www.esg.cat\/\"},{\"@type\":\"ListItem\",\"position\":2,\"name\":\"Av\u00eds Legal\"}]},{\"@type\":\"WebSite\",\"@id\":\"https:\/\/www.esg.cat\/#website\",\"url\":\"https:\/\/www.esg.cat\/\",\"name\":\"Electro Servei Grup\",\"description\":\"Telecomunicacions, seguretat, imatge i so i accessoris\",\"potentialAction\":[{\"@type\":\"SearchAction\",\"target\":{\"@type\":\"EntryPoint\",\"urlTemplate\":\"https:\/\/www.esg.cat\/?s={search_term_string}\"},\"query-input\":{\"@type\":\"PropertyValueSpecification\",\"valueRequired\":true,\"valueName\":\"search_term_string\"}}],\"inLanguage\":\"ca\"}]}<\/script>\n<!-- \/ Yoast SEO plugin. -->","yoast_head_json":{"title":"Av\u00eds Legal - ESG - Electro Servei Grup - Solucions de telecomunicacions","description":"Av\u00eds Legal - www.esg.cat - Electr\u00f2nica Saboya, S.L. - Carrer Montseny, 47 local 2 - 08440 Cardedeu - Barcelona - e-mail: info@elecsaboya.com","robots":{"index":"index","follow":"follow","max-snippet":"max-snippet:-1","max-image-preview":"max-image-preview:large","max-video-preview":"max-video-preview:-1"},"canonical":"https:\/\/www.esg.cat\/index.php\/avis-legal\/","og_locale":"ca_ES","og_type":"article","og_title":"Av\u00eds Legal - ESG - Electro Servei Grup - Solucions de telecomunicacions","og_description":"Av\u00eds Legal - www.esg.cat - Electr\u00f2nica Saboya, S.L. - Carrer Montseny, 47 local 2 - 08440 Cardedeu - Barcelona - e-mail: info@elecsaboya.com","og_url":"https:\/\/www.esg.cat\/index.php\/avis-legal\/","og_site_name":"Electro Servei Grup","article_publisher":"https:\/\/www.facebook.com\/electroserveigrup","article_modified_time":"2023-03-29T14:49:43+00:00","twitter_card":"summary_large_image","twitter_site":"@ElectroServeiGr","twitter_misc":{"Temps estimat de lectura":"6 minuts"},"schema":{"@context":"https:\/\/schema.org","@graph":[{"@type":"WebPage","@id":"https:\/\/www.esg.cat\/index.php\/avis-legal\/","url":"https:\/\/www.esg.cat\/index.php\/avis-legal\/","name":"Av\u00eds Legal - ESG - Electro Servei Grup - Solucions de telecomunicacions","isPartOf":{"@id":"https:\/\/www.esg.cat\/#website"},"datePublished":"2016-06-15T12:19:31+00:00","dateModified":"2023-03-29T14:49:43+00:00","description":"Av\u00eds Legal - www.esg.cat - Electr\u00f2nica Saboya, S.L. - Carrer Montseny, 47 local 2 - 08440 Cardedeu - Barcelona - e-mail: info@elecsaboya.com","breadcrumb":{"@id":"https:\/\/www.esg.cat\/index.php\/avis-legal\/#breadcrumb"},"inLanguage":"ca","potentialAction":[{"@type":"ReadAction","target":["https:\/\/www.esg.cat\/index.php\/avis-legal\/"]}]},{"@type":"BreadcrumbList","@id":"https:\/\/www.esg.cat\/index.php\/avis-legal\/#breadcrumb","itemListElement":[{"@type":"ListItem","position":1,"name":"Inici","item":"https:\/\/www.esg.cat\/"},{"@type":"ListItem","position":2,"name":"Av\u00eds Legal"}]},{"@type":"WebSite","@id":"https:\/\/www.esg.cat\/#website","url":"https:\/\/www.esg.cat\/","name":"Electro Servei Grup","description":"Telecomunicacions, seguretat, imatge i so i accessoris","potentialAction":[{"@type":"SearchAction","target":{"@type":"EntryPoint","urlTemplate":"https:\/\/www.esg.cat\/?s={search_term_string}"},"query-input":{"@type":"PropertyValueSpecification","valueRequired":true,"valueName":"search_term_string"}}],"inLanguage":"ca"}]}},"_links":{"self":[{"href":"https:\/\/www.esg.cat\/index.php\/wp-json\/wp\/v2\/pages\/950","targetHints":{"allow":["GET"]}}],"collection":[{"href":"https:\/\/www.esg.cat\/index.php\/wp-json\/wp\/v2\/pages"}],"about":[{"href":"https:\/\/www.esg.cat\/index.php\/wp-json\/wp\/v2\/types\/page"}],"author":[{"embeddable":true,"href":"https:\/\/www.esg.cat\/index.php\/wp-json\/wp\/v2\/users\/1"}],"replies":[{"embeddable":true,"href":"https:\/\/www.esg.cat\/index.php\/wp-json\/wp\/v2\/comments?post=950"}],"version-history":[{"count":9,"href":"https:\/\/www.esg.cat\/index.php\/wp-json\/wp\/v2\/pages\/950\/revisions"}],"predecessor-version":[{"id":2602,"href":"https:\/\/www.esg.cat\/index.php\/wp-json\/wp\/v2\/pages\/950\/revisions\/2602"}],"wp:attachment":[{"href":"https:\/\/www.esg.cat\/index.php\/wp-json\/wp\/v2\/media?parent=950"}],"curies":[{"name":"wp","href":"https:\/\/api.w.org\/{rel}","templated":true}]}}