{"id":936,"date":"2016-06-15T11:06:50","date_gmt":"2016-06-15T11:06:50","guid":{"rendered":"http:\/\/www.esg.cat\/?page_id=936"},"modified":"2023-03-29T14:49:52","modified_gmt":"2023-03-29T14:49:52","slug":"politica-cookies","status":"publish","type":"page","link":"https:\/\/www.esg.cat\/index.php\/politica-cookies\/","title":{"rendered":"Pol\u00edtica de cookies"},"content":{"rendered":"<h1 class=\"p1\"><span class=\"s1\"><b>POL\u00cdTICA DE\u00a0COOKIES<\/b><\/span><\/h1>\n<p class=\"p2\"><span class=\"s1\">Els nostre lloc web <b>www.esg.cat<\/b> (el &#8220;lloc web&#8221;) utilitza una tecnologia anomenada &#8220;cookie&#8221;, amb la finalitat de poder obtenir informaci\u00f3 sobre l&#8217;\u00fas del lloc web, millorar l\u2019experi\u00e8ncia de l\u2019usuari i garantir el seu correcte funcionament.<\/span><\/p>\n<h2 class=\"p3\"><span class=\"s1\"><b>Definici\u00f3 de Cookie<\/b><\/span><\/h2>\n<p class=\"p2\"><span class=\"s1\">Una \u201ccookie\u201d \u00e9s un petit fragment de text que els llocs web envien al navegador i que s&#8217;emmagatzema en el terminal de l&#8217;usuari (ordinador o dispositiu m\u00f2bil). Aquests arxius tenen la finalitat d&#8217;emmagatzemar dades que podran ser actualitzades i recuperades per l&#8217;entitat responsable de la seva instal\u00b7laci\u00f3. Aix\u00ed, cada vegada que l&#8217;usuari torna a visitar el mateix lloc web, l&#8217;explorador recupera l&#8217;arxiu i l&#8217;envia al servidor del lloc web. Les cookies tenen diverses funcions, entre les quals\u00a0s&#8217;inclouen la de recollir informaci\u00f3 sobre les prefer\u00e8ncies de l&#8217;usuari i recordar-la i, en general, facilitar l&#8217;\u00fas del lloc web a l&#8217;usuari, fent que el lloc sigui m\u00e9s \u00fatil en\u00a0personalitzar el seu contingut.<\/span><\/p>\n<p class=\"p1\"><span class=\"s1\">Les cookies es poden classificar en base a diferents par\u00e0metres:<\/span><\/p>\n<ol class=\"ol1\">\n<li class=\"li1\"><b><\/b><span class=\"s1\"><b>Titularitat<\/b>: cookies pr\u00f2pies i cookies de tercers: depenent de quina sigui l&#8217;entitat que gestioni el domini des d&#8217;on s&#8217;envien les cookies i es tractin les dades que s&#8217;obtinguin.<\/span><\/li>\n<li class=\"li1\"><b><\/b><span class=\"s1\"><b>Duraci\u00f3<\/b>: cookies de sessi\u00f3 i cookies persistents: d&#8217;acord amb el termini de temps que romanen emmagatzemades al terminal de l&#8217;usuari.<\/span><\/li>\n<li class=\"li1\"><b><\/b><span class=\"s1\"><b>Finalitat<\/b>: cookies t\u00e8cniques, cookies de personalitzaci\u00f3, cookies d&#8217;an\u00e0lisi, cookies publicit\u00e0ries, cookies de publicitat comportamental: d&#8217;acord amb la finalitat per a la qual es tractin les dades obtingudes.<\/span><\/li>\n<\/ol>\n<p class=\"p1\"><span class=\"s1\"><b>Cookies t\u00e8cniques<\/b>: S\u00f3n aquelles que permeten a l&#8217;usuari la navegaci\u00f3 a trav\u00e9s de la p\u00e0gina web o aplicaci\u00f3 i la utilitzaci\u00f3 de les diferents opcions o serveis que en ella existeixen. Per exemple, controlar el tr\u00e0nsit i la comunicaci\u00f3 de dades, identificar la sessi\u00f3 o accedir a les parts del lloc web d&#8217;acc\u00e9s restringit.<\/span><\/p>\n<p class=\"p1\"><span class=\"s1\"><b>Cookies de personalitzaci\u00f3<\/b>: S\u00f3n aquelles que permeten a l&#8217;usuari accedir al servei amb algunes caracter\u00edstiques de car\u00e0cter general predefinides en el seu terminal o que el propi usuari defineixi. Per exemple, l&#8217;idioma, el tipus de navegador a trav\u00e9s del qual accedeix al servei o el disseny de continguts seleccionat.<\/span><\/p>\n<p class=\"p1\"><span class=\"s1\"><b>Cookies d&#8217;an\u00e0lisi<\/b>: S\u00f3n aquelles que, o b\u00e9 tractades per nosaltres o per tercers, ens permeten quantificar el nombre d&#8217;usuaris i realitzar aix\u00ed l&#8217;an\u00e0lisi estad\u00edstic de la utilitzaci\u00f3 que fan els usuaris del servei ofert. Per aix\u00f2 s&#8217;analitza la seva navegaci\u00f3 per la nostra p\u00e0gina web, per tal de millorar l&#8217;oferta de productes o serveis que li oferim.<\/span><\/p>\n<p class=\"p1\"><span class=\"s1\"><b>Cookies publicit\u00e0ries<\/b>: S\u00f3n aquelles que permeten la gesti\u00f3, de la forma m\u00e9s efica\u00e7 possible, dels espais publicitaris que, si escau, l&#8217;editor hagi incl\u00f2s en una p\u00e0gina web, aplicaci\u00f3 o plataforma des de la qual presta el servei sol\u00b7licitat sobre la base de criteris com el contingut editat o la freq\u00fc\u00e8ncia en a qual es mostren els anuncis.<\/span><\/p>\n<p class=\"p1\"><span class=\"s1\"><b>Cookies de publicitat comportamental<\/b>: S\u00f3n aquelles que permeten la gesti\u00f3, de la manera m\u00e9s efica\u00e7 possible, dels espais publicitaris que, si escau, l&#8217;editor hagi incl\u00f2s en una p\u00e0gina web, aplicaci\u00f3 o plataforma des de la qual\u00a0presta el servei sol\u00b7licitat. Aquestes cookies emmagatzemen informaci\u00f3 del comportament dels usuaris, obtinguda a trav\u00e9s de l&#8217;observaci\u00f3 continuada dels seus h\u00e0bits de navegaci\u00f3, la qual cosa\u00a0permet desenvolupar un perfil espec\u00edfic per mostrar publicitat en funci\u00f3 del mateix.<\/span><\/p>\n<p class=\"p1\"><b>Cookies utilitzades al nostre lloc web<\/b><\/p>\n<p class=\"p2\"><span class=\"s1\">El nostre lloc web utilitza tant cookies pr\u00f2pies, que s\u00f3n les enviades al seu ordinador i gestionades exclusivament per nosaltres per al millor funcionament del lloc web, com cookies de tercers, amb la funci\u00f3 de servir-nos com a eina d\u2019an\u00e0lisi de la interacci\u00f3 dels usuaris amb la nostra web; gr\u00e0cies a elles obtenim una informaci\u00f3 que pot ajudar-nos a millorar la navegaci\u00f3 i donar un millor servei als usuaris.<\/span><\/p>\n<p class=\"p2\"><span class=\"s1\">El nostre lloc web fa servir tant cookies temporals de sessi\u00f3 com cookies persistents. Les cookies de sessi\u00f3 emmagatzemen dades \u00fanicament mentre l&#8217;usuari accedeix a la web i les cookies persistents emmagatzemen les dades en el terminal perqu\u00e8 siguin accedides i utilitzades en m\u00e9s d&#8217;una sessi\u00f3.<\/span><\/p>\n<p class=\"p2\"><span class=\"s1\">Concretament, les cookies utilitzades al nostre lloc web s\u00f3n:<\/span><\/p>\n<p class=\"p2\"><span class=\"s1\"><b>Cookies pr\u00f2pies<\/b>: <b>www.esg.cat<\/b>, \u00fanicament fa servir cookies pr\u00f2pies de car\u00e0cter t\u00e8cnic que serveixen per al funcionament del web.<\/span><\/p>\n<h2 class=\"p1\"><span class=\"s1\"><b>Cookies de tercers:<\/b><\/span><\/h2>\n<ul>\n<li>Google Analytics:\u00a0Emmagatzema cookies\u00a0per poder elaborar estad\u00edstiques sobre el tr\u00e0nsit i volum de visites d&#8217;aquesta web.<\/li>\n<li>Xarxes socials: Cada xarxa social utilitza les seves pr\u00f2pies cookies\u00a0en botons tipus <strong>M&#8217;agrada<\/strong> o <strong>Compartir<\/strong>.<\/li>\n<\/ul>\n<h2 class=\"p1\"><span class=\"s1\"><b>Consentiment<\/b><\/span><\/h2>\n<p class=\"p2\"><span class=\"s1\">Al navegar i continuar al nostre lloc web l\u2019usuari estar\u00e0 consentint l&#8217;\u00fas de les cookies abans enunciades, durant els\u00a0terminis assenyalats i en les condicions indicades\u00a0en la present Pol\u00edtica de Cookies.<\/span><\/p>\n<h2 class=\"p1\"><span class=\"s1\"><b>Retirada del consentiment<\/b><\/span><\/h2>\n<p class=\"p2\"><span class=\"s1\">L&#8217;usuari podr\u00e0 retirar en qualsevol moment el seu consentiment relacionat amb aquesta Pol\u00edtica de Cookies; per aix\u00f2 haur\u00e0 d&#8217;eliminar les cookies emmagatzemades en el seu equip utilitzant els ajustos\u00a0i configuracions del seu navegador d&#8217;Internet.<\/span><\/p>\n<h2 class=\"p1\"><span class=\"s1\"><b>Modificaci\u00f3 de la configuraci\u00f3 de les cookies<\/b><\/span><\/h2>\n<p class=\"p2\"><span class=\"s1\">L\u2019usuari pot restringir, bloquejar o esborrar les cookies de qualsevol lloc web, utilitzant el seu navegador. A cada navegador l&#8217;operativa \u00e9s diferent, per la qual cosa\u00a0pot consultar en els seg\u00fcents enlla\u00e7os la forma de fer-ho:<\/span><\/p>\n<ul>\n<li><b><\/b><span class=\"s3\"><b>Internet Explorer<\/b>:\u00a0<a href=\"http:\/\/windows.microsoft.com\/es-xl\/internet-explorer\/delete-manage-cookies#ie=ie-11\" target=\"_blank\" rel=\"noopener\">http:\/\/windows.microsoft.com\/es-xl\/internet-explorer\/delete-manage-cookies#ie=ie-11<\/a><\/span><\/li>\n<li><b><\/b><span class=\"s3\"><b>FireFox<\/b>: <a href=\"http:\/\/www.support.mozilla.org\/es\/kb\/Borrar%20cookies\" target=\"_blank\" rel=\"noopener\"><span class=\"s4\">support.mozilla.org\/es\/kb\/Borrar%20cookies<\/span><\/a><\/span><\/li>\n<li><b><\/b><span class=\"s3\"><b>Chrome<\/b>: <a href=\"http:\/\/www.support.google.com\/chrome\/answer\/95647?hl=&quot;es&quot;\" target=\"_blank\" rel=\"noopener\"><span class=\"s4\">support.google.com\/chrome\/answer\/95647?hl=&#8221;es&#8221;<\/span><\/a><\/span><\/li>\n<li><b><\/b><span class=\"s3\"><b>Safari<\/b>: <a href=\"http:\/\/www.apple.com\/es\/privacy\/use-of-cookies\/\" target=\"_blank\" rel=\"noopener\"><span class=\"s4\">www.apple.com\/es\/privacy\/use-of-cookies\/<\/span><\/a><\/span><\/li>\n<li><b><\/b><span class=\"s3\"><b>Opera<\/b>: <a href=\"http:\/\/help.opera.com\/Linux\/10.50\/en\/cookies.html\" target=\"_blank\" rel=\"noopener\"><span class=\"s4\">http:\/\/help.opera.com\/Linux\/10.50\/en\/cookies.html<\/span><\/a><\/span><\/li>\n<li><b><\/b><span class=\"s1\"><b>Safari per a\u00a0iOS (dispositius iPhone i iPad)<\/b>: <a href=\"https:\/\/support.apple.com\/es-es\/HT201265\" target=\"_blank\" rel=\"noopener\">https:\/\/support.apple.com\/es-es\/HT201265<\/a><\/span><\/li>\n<li><b><\/b><span class=\"s3\"><b>Chrome per a\u00a0Android<\/b>: <a href=\"https:\/\/support.google.com\/chrome\/answer\/2392971?hl=es\" target=\"_blank\" rel=\"noopener\"><span class=\"s4\">https:\/\/support.google.com\/chrome\/answer\/2392971?hl=es<\/span><\/a><\/span><\/li>\n<li><b><\/b><span class=\"s3\"><b>Windows Phone<\/b>: <a href=\"http:\/\/www.windowsphone.com\/es-es\/how-to\/wp7\/web\/changing-privacy-and-other-browser-settings\" target=\"_blank\" rel=\"noopener\"><span class=\"s4\">http:\/\/www.windowsphone.com\/es-es\/how-to\/wp7\/web\/changing-privacy-and-other-browser-settings<\/span><\/a><\/span><\/li>\n<\/ul>\n<p class=\"p2\"><span class=\"s1\">Per obtenir\u00a0m\u00e9s informaci\u00f3 sobre l&#8217;eliminaci\u00f3, deshabilitaci\u00f3 o bloqueig de les cookies tamb\u00e9 pot visitar:\u00a0<a href=\"http:\/\/www.aboutcookies.org\/Default.aspx?page=2\"><span class=\"s5\">http:\/\/www.aboutcookies.org\/Default.aspx?page=2<\/span><\/a><\/span><\/p>\n<h2 class=\"p1\"><span class=\"s1\"><b>Actualitzaci\u00f3 de la pol\u00edtica de cookies<\/b><\/span><\/h2>\n<p class=\"p2\"><span class=\"s1\">Aquest lloc web pot modificar aquesta Pol\u00edtica sobre Cookies, per aix\u00f2 li recomanem revisar aquesta pol\u00edtica cada vegada que accedeixi al nostre lloc web, per tal d&#8217;estar adequadament informat sobre l\u2019\u00fas que fem de les cookies.<\/span><\/p>\n<p class=\"p2\"><strong><span class=\"s1\">Data de l\u2019\u00faltima actualitzaci\u00f3: 1\u00a0de juliol\u00a0de 2016<\/span><\/strong><\/p>\n","protected":false},"excerpt":{"rendered":"<p>POL\u00cdTICA DE\u00a0COOKIES Els nostre lloc web www.esg.cat (el &#8220;lloc web&#8221;) utilitza una tecnologia anomenada &#8220;cookie&#8221;, amb la finalitat de poder obtenir informaci\u00f3 sobre l&#8217;\u00fas del lloc web, millorar l\u2019experi\u00e8ncia de l\u2019usuari i garantir el seu correcte funcionament. Definici\u00f3 de Cookie Una \u201ccookie\u201d \u00e9s un petit fragment de text que els llocs web envien al navegador [&hellip;]<\/p>\n","protected":false},"author":1,"featured_media":0,"parent":0,"menu_order":17,"comment_status":"closed","ping_status":"closed","template":"","meta":{"footnotes":""},"class_list":["post-936","page","type-page","status-publish","hentry"],"yoast_head":"<!-- This site is optimized with the Yoast SEO plugin v26.0 - https:\/\/yoast.com\/wordpress\/plugins\/seo\/ -->\n<title>Pol\u00edtica de Cookies - ESG - Electro Servei Grup - Telecomunicacions<\/title>\n<meta name=\"description\" content=\"Aquest web utilitza cookies amb la finalitat d&#039;obtenir informaci\u00f3 sobre l&#039;\u00fas, millorar l\u2019experi\u00e8ncia d&#039;usuari i garantir-ne el correcte funcionament.\" \/>\n<meta name=\"robots\" content=\"index, follow, max-snippet:-1, max-image-preview:large, max-video-preview:-1\" \/>\n<link rel=\"canonical\" href=\"https:\/\/www.esg.cat\/index.php\/politica-cookies\/\" \/>\n<meta property=\"og:locale\" content=\"ca_ES\" \/>\n<meta property=\"og:type\" content=\"article\" \/>\n<meta property=\"og:title\" content=\"Pol\u00edtica de Cookies - ESG - Electro Servei Grup - Telecomunicacions\" \/>\n<meta property=\"og:description\" content=\"Aquest web utilitza cookies amb la finalitat d&#039;obtenir informaci\u00f3 sobre l&#039;\u00fas, millorar l\u2019experi\u00e8ncia d&#039;usuari i garantir-ne el correcte funcionament.\" \/>\n<meta property=\"og:url\" content=\"https:\/\/www.esg.cat\/index.php\/politica-cookies\/\" \/>\n<meta property=\"og:site_name\" content=\"Electro Servei Grup\" \/>\n<meta property=\"article:publisher\" content=\"https:\/\/www.facebook.com\/electroserveigrup\" \/>\n<meta property=\"article:modified_time\" content=\"2023-03-29T14:49:52+00:00\" \/>\n<meta name=\"twitter:card\" content=\"summary_large_image\" \/>\n<meta name=\"twitter:site\" content=\"@ElectroServeiGr\" \/>\n<meta name=\"twitter:label1\" content=\"Temps estimat de lectura\" \/>\n\t<meta name=\"twitter:data1\" content=\"5 minuts\" \/>\n<script type=\"application\/ld+json\" class=\"yoast-schema-graph\">{\"@context\":\"https:\/\/schema.org\",\"@graph\":[{\"@type\":\"WebPage\",\"@id\":\"https:\/\/www.esg.cat\/index.php\/politica-cookies\/\",\"url\":\"https:\/\/www.esg.cat\/index.php\/politica-cookies\/\",\"name\":\"Pol\u00edtica de Cookies - ESG - Electro Servei Grup - Telecomunicacions\",\"isPartOf\":{\"@id\":\"https:\/\/www.esg.cat\/#website\"},\"datePublished\":\"2016-06-15T11:06:50+00:00\",\"dateModified\":\"2023-03-29T14:49:52+00:00\",\"description\":\"Aquest web utilitza cookies amb la finalitat d'obtenir informaci\u00f3 sobre l'\u00fas, millorar l\u2019experi\u00e8ncia d'usuari i garantir-ne el correcte funcionament.\",\"breadcrumb\":{\"@id\":\"https:\/\/www.esg.cat\/index.php\/politica-cookies\/#breadcrumb\"},\"inLanguage\":\"ca\",\"potentialAction\":[{\"@type\":\"ReadAction\",\"target\":[\"https:\/\/www.esg.cat\/index.php\/politica-cookies\/\"]}]},{\"@type\":\"BreadcrumbList\",\"@id\":\"https:\/\/www.esg.cat\/index.php\/politica-cookies\/#breadcrumb\",\"itemListElement\":[{\"@type\":\"ListItem\",\"position\":1,\"name\":\"Inici\",\"item\":\"https:\/\/www.esg.cat\/\"},{\"@type\":\"ListItem\",\"position\":2,\"name\":\"Pol\u00edtica de cookies\"}]},{\"@type\":\"WebSite\",\"@id\":\"https:\/\/www.esg.cat\/#website\",\"url\":\"https:\/\/www.esg.cat\/\",\"name\":\"Electro Servei Grup\",\"description\":\"Telecomunicacions, seguretat, imatge i so i accessoris\",\"potentialAction\":[{\"@type\":\"SearchAction\",\"target\":{\"@type\":\"EntryPoint\",\"urlTemplate\":\"https:\/\/www.esg.cat\/?s={search_term_string}\"},\"query-input\":{\"@type\":\"PropertyValueSpecification\",\"valueRequired\":true,\"valueName\":\"search_term_string\"}}],\"inLanguage\":\"ca\"}]}<\/script>\n<!-- \/ Yoast SEO plugin. -->","yoast_head_json":{"title":"Pol\u00edtica de Cookies - ESG - Electro Servei Grup - Telecomunicacions","description":"Aquest web utilitza cookies amb la finalitat d'obtenir informaci\u00f3 sobre l'\u00fas, millorar l\u2019experi\u00e8ncia d'usuari i garantir-ne el correcte funcionament.","robots":{"index":"index","follow":"follow","max-snippet":"max-snippet:-1","max-image-preview":"max-image-preview:large","max-video-preview":"max-video-preview:-1"},"canonical":"https:\/\/www.esg.cat\/index.php\/politica-cookies\/","og_locale":"ca_ES","og_type":"article","og_title":"Pol\u00edtica de Cookies - ESG - Electro Servei Grup - Telecomunicacions","og_description":"Aquest web utilitza cookies amb la finalitat d'obtenir informaci\u00f3 sobre l'\u00fas, millorar l\u2019experi\u00e8ncia d'usuari i garantir-ne el correcte funcionament.","og_url":"https:\/\/www.esg.cat\/index.php\/politica-cookies\/","og_site_name":"Electro Servei Grup","article_publisher":"https:\/\/www.facebook.com\/electroserveigrup","article_modified_time":"2023-03-29T14:49:52+00:00","twitter_card":"summary_large_image","twitter_site":"@ElectroServeiGr","twitter_misc":{"Temps estimat de lectura":"5 minuts"},"schema":{"@context":"https:\/\/schema.org","@graph":[{"@type":"WebPage","@id":"https:\/\/www.esg.cat\/index.php\/politica-cookies\/","url":"https:\/\/www.esg.cat\/index.php\/politica-cookies\/","name":"Pol\u00edtica de Cookies - ESG - Electro Servei Grup - Telecomunicacions","isPartOf":{"@id":"https:\/\/www.esg.cat\/#website"},"datePublished":"2016-06-15T11:06:50+00:00","dateModified":"2023-03-29T14:49:52+00:00","description":"Aquest web utilitza cookies amb la finalitat d'obtenir informaci\u00f3 sobre l'\u00fas, millorar l\u2019experi\u00e8ncia d'usuari i garantir-ne el correcte funcionament.","breadcrumb":{"@id":"https:\/\/www.esg.cat\/index.php\/politica-cookies\/#breadcrumb"},"inLanguage":"ca","potentialAction":[{"@type":"ReadAction","target":["https:\/\/www.esg.cat\/index.php\/politica-cookies\/"]}]},{"@type":"BreadcrumbList","@id":"https:\/\/www.esg.cat\/index.php\/politica-cookies\/#breadcrumb","itemListElement":[{"@type":"ListItem","position":1,"name":"Inici","item":"https:\/\/www.esg.cat\/"},{"@type":"ListItem","position":2,"name":"Pol\u00edtica de cookies"}]},{"@type":"WebSite","@id":"https:\/\/www.esg.cat\/#website","url":"https:\/\/www.esg.cat\/","name":"Electro Servei Grup","description":"Telecomunicacions, seguretat, imatge i so i accessoris","potentialAction":[{"@type":"SearchAction","target":{"@type":"EntryPoint","urlTemplate":"https:\/\/www.esg.cat\/?s={search_term_string}"},"query-input":{"@type":"PropertyValueSpecification","valueRequired":true,"valueName":"search_term_string"}}],"inLanguage":"ca"}]}},"_links":{"self":[{"href":"https:\/\/www.esg.cat\/index.php\/wp-json\/wp\/v2\/pages\/936","targetHints":{"allow":["GET"]}}],"collection":[{"href":"https:\/\/www.esg.cat\/index.php\/wp-json\/wp\/v2\/pages"}],"about":[{"href":"https:\/\/www.esg.cat\/index.php\/wp-json\/wp\/v2\/types\/page"}],"author":[{"embeddable":true,"href":"https:\/\/www.esg.cat\/index.php\/wp-json\/wp\/v2\/users\/1"}],"replies":[{"embeddable":true,"href":"https:\/\/www.esg.cat\/index.php\/wp-json\/wp\/v2\/comments?post=936"}],"version-history":[{"count":15,"href":"https:\/\/www.esg.cat\/index.php\/wp-json\/wp\/v2\/pages\/936\/revisions"}],"predecessor-version":[{"id":3313,"href":"https:\/\/www.esg.cat\/index.php\/wp-json\/wp\/v2\/pages\/936\/revisions\/3313"}],"wp:attachment":[{"href":"https:\/\/www.esg.cat\/index.php\/wp-json\/wp\/v2\/media?parent=936"}],"curies":[{"name":"wp","href":"https:\/\/api.w.org\/{rel}","templated":true}]}}