{"id":622,"date":"2016-05-31T10:48:40","date_gmt":"2016-05-31T10:48:40","guid":{"rendered":"http:\/\/www.esg.cat\/?page_id=622"},"modified":"2023-03-29T14:49:59","modified_gmt":"2023-03-29T14:49:59","slug":"formulari-de-contacte","status":"publish","type":"page","link":"https:\/\/www.esg.cat\/index.php\/formulari-de-contacte\/","title":{"rendered":"Formulari d&#8217;informaci\u00f3"},"content":{"rendered":"\n<style type=\"text\/css\" data-created_by=\"avia_inline_auto\" id=\"style-css-av-av_one_half-dc3a957922a53d6876c52dc54c2820d6\">\n.flex_column.av-av_one_half-dc3a957922a53d6876c52dc54c2820d6{\nborder-radius:0px 20px 20px 20px;\npadding:0px 0px 0px 0px;\n}\n<\/style>\n<div  class='flex_column av-av_one_half-dc3a957922a53d6876c52dc54c2820d6 av_one_half  avia-builder-el-0  avia-builder-el-no-sibling  first no_margin flex_column_div av-zero-column-padding  '     ><p>\n<style type=\"text\/css\" data-created_by=\"avia_inline_auto\" id=\"style-css-av-av_heading-4baa12d575b797801dfe1038ce564327\">\n#top .av-special-heading.av-av_heading-4baa12d575b797801dfe1038ce564327{\npadding-bottom:10px;\n}\nbody .av-special-heading.av-av_heading-4baa12d575b797801dfe1038ce564327 .av-special-heading-tag .heading-char{\nfont-size:25px;\n}\n.av-special-heading.av-av_heading-4baa12d575b797801dfe1038ce564327 .av-subheading{\nfont-size:15px;\n}\n<\/style>\n<div  class='av-special-heading av-av_heading-4baa12d575b797801dfe1038ce564327 av-special-heading-h3  avia-builder-el-1  el_before_av_hr  avia-builder-el-first '><h3 class='av-special-heading-tag '  >Servei d\u2019informaci\u00f3<\/h3><div class=\"special-heading-border\"><div class=\"special-heading-inner-border\"><\/div><\/div><\/div><br \/>\n\n<style type=\"text\/css\" data-created_by=\"avia_inline_auto\" id=\"style-css-av-av_hr-c9ba6ccf0e28539cef079a4b419f7f68\">\n#top .hr.hr-invisible.av-av_hr-c9ba6ccf0e28539cef079a4b419f7f68{\nheight:25px;\n}\n<\/style>\n<div  class='hr av-av_hr-c9ba6ccf0e28539cef079a4b419f7f68 hr-invisible  avia-builder-el-2  el_after_av_heading  el_before_av_textblock '><span class='hr-inner '><span class=\"hr-inner-style\"><\/span><\/span><\/div><br \/>\n\n<style type=\"text\/css\" data-created_by=\"avia_inline_auto\" id=\"style-css-av-av_textblock-3326d3317592321e340dbe8477480288\">\n#top .av_textblock_section.av-av_textblock-3326d3317592321e340dbe8477480288 .avia_textblock{\nfont-size:15px;\n}\n<\/style>\n<section  class='av_textblock_section av-av_textblock-3326d3317592321e340dbe8477480288 '  ><div class='avia_textblock' ><p>Sol\u00b7licita informaci\u00f3 emplenant aquest <strong>formulari de contacte<\/strong> o trucant al\u00a0<strong>Servei d\u2019Atenci\u00f3 Telef\u00f2nica<\/strong>.<\/p>\n<p>Horari:<br \/>\n&#8211; de dilluns a dissabte<br \/>\n&#8211; de 09:00 a 13:00 h i de 17:00 a 20:00 h<\/p>\n<p>Tel.:<strong> 93 871 30 86<\/strong><strong><br \/>\n<\/strong><\/p>\n<\/div><\/section><br \/>\n\n<style type=\"text\/css\" data-created_by=\"avia_inline_auto\" id=\"style-css-av-av_hr-c9ba6ccf0e28539cef079a4b419f7f68\">\n#top .hr.hr-invisible.av-av_hr-c9ba6ccf0e28539cef079a4b419f7f68{\nheight:25px;\n}\n<\/style>\n<div  class='hr av-av_hr-c9ba6ccf0e28539cef079a4b419f7f68 hr-invisible  avia-builder-el-4  el_after_av_textblock  el_before_av_textblock '><span class='hr-inner '><span class=\"hr-inner-style\"><\/span><\/span><\/div><br \/>\n<section  class='av_textblock_section av-av_textblock-0366cc7376be6c9e82a3e9cc8987b64f '  ><div class='avia_textblock' >\n<div class=\"wpcf7 no-js\" id=\"wpcf7-f634-o1\" lang=\"ca\" dir=\"ltr\" data-wpcf7-id=\"634\">\n<div class=\"screen-reader-response\"><p role=\"status\" aria-live=\"polite\" aria-atomic=\"true\"><\/p> <ul><\/ul><\/div>\n<form action=\"\/index.php\/wp-json\/wp\/v2\/pages\/622#wpcf7-f634-o1\" method=\"post\" class=\"wpcf7-form init\" aria-label=\"Formulari de contacte\" novalidate=\"novalidate\" data-status=\"init\">\n<fieldset class=\"hidden-fields-container\"><input type=\"hidden\" name=\"_wpcf7\" value=\"634\" \/><input type=\"hidden\" name=\"_wpcf7_version\" value=\"6.1.1\" \/><input type=\"hidden\" name=\"_wpcf7_locale\" value=\"ca\" \/><input type=\"hidden\" name=\"_wpcf7_unit_tag\" value=\"wpcf7-f634-o1\" \/><input type=\"hidden\" name=\"_wpcf7_container_post\" value=\"0\" \/><input type=\"hidden\" name=\"_wpcf7_posted_data_hash\" value=\"\" \/><input type=\"hidden\" name=\"_wpcf7_recaptcha_response\" value=\"\" \/>\n<\/fieldset>\n<p>Selecciona una categoria (obligatori)\n<\/p>\n<p><span class=\"wpcf7-form-control-wrap\" data-name=\"Serveis\"><select class=\"wpcf7-form-control wpcf7-select wpcf7-validates-as-required\" id=\"Serveis\" aria-required=\"true\" aria-invalid=\"false\" name=\"Serveis\"><option value=\"Telecomunicacions\">Telecomunicacions<\/option><option value=\"Seguretat\">Seguretat<\/option><option value=\"Imatge i so\">Imatge i so<\/option><option value=\"Energia Solar\">Energia Solar<\/option><option value=\"Altres\">Altres<\/option><\/select><\/span>\n<\/p>\n<p>El teu nom (obligatori)\n<\/p>\n<p><span class=\"wpcf7-form-control-wrap\" data-name=\"your-name\"><input size=\"40\" maxlength=\"400\" class=\"wpcf7-form-control wpcf7-text wpcf7-validates-as-required\" aria-required=\"true\" aria-invalid=\"false\" value=\"\" type=\"text\" name=\"your-name\" \/><\/span>\n<\/p>\n<p>El teu email (obligatori)\n<\/p>\n<p><span class=\"wpcf7-form-control-wrap\" data-name=\"your-email\"><input size=\"40\" maxlength=\"400\" class=\"wpcf7-form-control wpcf7-email wpcf7-validates-as-required wpcf7-text wpcf7-validates-as-email\" aria-required=\"true\" aria-invalid=\"false\" value=\"\" type=\"email\" name=\"your-email\" \/><\/span>\n<\/p>\n<p>Assumpte\n<\/p>\n<p><span class=\"wpcf7-form-control-wrap\" data-name=\"your-subject\"><input size=\"40\" maxlength=\"400\" class=\"wpcf7-form-control wpcf7-text\" aria-invalid=\"false\" value=\"\" type=\"text\" name=\"your-subject\" \/><\/span>\n<\/p>\n<p>El teu missatge\n<\/p>\n<p><span class=\"wpcf7-form-control-wrap\" data-name=\"your-message\"><textarea cols=\"40\" rows=\"10\" maxlength=\"2000\" class=\"wpcf7-form-control wpcf7-textarea\" aria-invalid=\"false\" name=\"your-message\"><\/textarea><\/span>\n<\/p>\n<p><input class=\"wpcf7-form-control wpcf7-submit has-spinner\" type=\"submit\" value=\"Enviar\" \/>\n<\/p>\n<p><span class=\"wpcf7-form-control-wrap\" data-name=\"Proteccidedades\"><span class=\"wpcf7-form-control wpcf7-acceptance\"><span class=\"wpcf7-list-item\"><input type=\"checkbox\" name=\"Proteccidedades\" value=\"1\" id=\"Proteccidedades\" aria-invalid=\"false\" \/><\/span><\/span><\/span> He llegit i accepto l'av\u00eds legal, on s'expliquen les condicions d'\u00fas i la pol\u00edtica de protecci\u00f3 de dades.\n<\/p>\n<p style=\"display: none !important;\" class=\"akismet-fields-container\" data-prefix=\"_wpcf7_ak_\"><label>&#916;<textarea name=\"_wpcf7_ak_hp_textarea\" cols=\"45\" rows=\"8\" maxlength=\"100\"><\/textarea><\/label><input type=\"hidden\" id=\"ak_js_1\" name=\"_wpcf7_ak_js\" value=\"67\"\/><script>document.getElementById( \"ak_js_1\" ).setAttribute( \"value\", ( new Date() ).getTime() );<\/script><\/p><div class=\"wpcf7-response-output\" aria-hidden=\"true\"><\/div>\n<\/form>\n<\/div>\n\n<\/div><\/section><\/p><\/div>\n","protected":false},"excerpt":{"rendered":"","protected":false},"author":1,"featured_media":0,"parent":0,"menu_order":18,"comment_status":"closed","ping_status":"closed","template":"","meta":{"footnotes":""},"class_list":["post-622","page","type-page","status-publish","hentry"],"yoast_head":"<!-- This site is optimized with the Yoast SEO plugin v26.0 - https:\/\/yoast.com\/wordpress\/plugins\/seo\/ -->\n<title>Formulari de Contacte - ESG - Electro Servei Grup<\/title>\n<meta name=\"description\" content=\"Sol\u00b7licita informaci\u00f3 emplenant un formulari de contacte o trucant al Servei d\u2019Atenci\u00f3 Telef\u00f2nica d&#039;Electro Servei Grup: Tel.: 93 871 30 86\" \/>\n<meta name=\"robots\" content=\"index, follow, max-snippet:-1, max-image-preview:large, max-video-preview:-1\" \/>\n<link rel=\"canonical\" href=\"https:\/\/www.esg.cat\/index.php\/formulari-de-contacte\/\" \/>\n<meta property=\"og:locale\" content=\"ca_ES\" \/>\n<meta property=\"og:type\" content=\"article\" \/>\n<meta property=\"og:title\" content=\"Formulari de Contacte - ESG - Electro Servei Grup\" \/>\n<meta property=\"og:description\" content=\"Sol\u00b7licita informaci\u00f3 emplenant un formulari de contacte o trucant al Servei d\u2019Atenci\u00f3 Telef\u00f2nica d&#039;Electro Servei Grup: Tel.: 93 871 30 86\" \/>\n<meta property=\"og:url\" content=\"https:\/\/www.esg.cat\/index.php\/formulari-de-contacte\/\" \/>\n<meta property=\"og:site_name\" content=\"Electro Servei Grup\" \/>\n<meta property=\"article:publisher\" content=\"https:\/\/www.facebook.com\/electroserveigrup\" \/>\n<meta property=\"article:modified_time\" content=\"2023-03-29T14:49:59+00:00\" \/>\n<meta name=\"twitter:card\" content=\"summary_large_image\" \/>\n<meta name=\"twitter:site\" content=\"@ElectroServeiGr\" \/>\n<meta name=\"twitter:label1\" content=\"Temps estimat de lectura\" \/>\n\t<meta name=\"twitter:data1\" content=\"1 minut\" \/>\n<script type=\"application\/ld+json\" class=\"yoast-schema-graph\">{\"@context\":\"https:\/\/schema.org\",\"@graph\":[{\"@type\":\"WebPage\",\"@id\":\"https:\/\/www.esg.cat\/index.php\/formulari-de-contacte\/\",\"url\":\"https:\/\/www.esg.cat\/index.php\/formulari-de-contacte\/\",\"name\":\"Formulari de Contacte - ESG - Electro Servei Grup\",\"isPartOf\":{\"@id\":\"https:\/\/www.esg.cat\/#website\"},\"datePublished\":\"2016-05-31T10:48:40+00:00\",\"dateModified\":\"2023-03-29T14:49:59+00:00\",\"description\":\"Sol\u00b7licita informaci\u00f3 emplenant un formulari de contacte o trucant al Servei d\u2019Atenci\u00f3 Telef\u00f2nica d'Electro Servei Grup: Tel.: 93 871 30 86\",\"breadcrumb\":{\"@id\":\"https:\/\/www.esg.cat\/index.php\/formulari-de-contacte\/#breadcrumb\"},\"inLanguage\":\"ca\",\"potentialAction\":[{\"@type\":\"ReadAction\",\"target\":[\"https:\/\/www.esg.cat\/index.php\/formulari-de-contacte\/\"]}]},{\"@type\":\"BreadcrumbList\",\"@id\":\"https:\/\/www.esg.cat\/index.php\/formulari-de-contacte\/#breadcrumb\",\"itemListElement\":[{\"@type\":\"ListItem\",\"position\":1,\"name\":\"Inici\",\"item\":\"https:\/\/www.esg.cat\/\"},{\"@type\":\"ListItem\",\"position\":2,\"name\":\"Formulari d&#8217;informaci\u00f3\"}]},{\"@type\":\"WebSite\",\"@id\":\"https:\/\/www.esg.cat\/#website\",\"url\":\"https:\/\/www.esg.cat\/\",\"name\":\"Electro Servei Grup\",\"description\":\"Telecomunicacions, seguretat, imatge i so i accessoris\",\"potentialAction\":[{\"@type\":\"SearchAction\",\"target\":{\"@type\":\"EntryPoint\",\"urlTemplate\":\"https:\/\/www.esg.cat\/?s={search_term_string}\"},\"query-input\":{\"@type\":\"PropertyValueSpecification\",\"valueRequired\":true,\"valueName\":\"search_term_string\"}}],\"inLanguage\":\"ca\"}]}<\/script>\n<!-- \/ Yoast SEO plugin. -->","yoast_head_json":{"title":"Formulari de Contacte - ESG - Electro Servei Grup","description":"Sol\u00b7licita informaci\u00f3 emplenant un formulari de contacte o trucant al Servei d\u2019Atenci\u00f3 Telef\u00f2nica d'Electro Servei Grup: Tel.: 93 871 30 86","robots":{"index":"index","follow":"follow","max-snippet":"max-snippet:-1","max-image-preview":"max-image-preview:large","max-video-preview":"max-video-preview:-1"},"canonical":"https:\/\/www.esg.cat\/index.php\/formulari-de-contacte\/","og_locale":"ca_ES","og_type":"article","og_title":"Formulari de Contacte - ESG - Electro Servei Grup","og_description":"Sol\u00b7licita informaci\u00f3 emplenant un formulari de contacte o trucant al Servei d\u2019Atenci\u00f3 Telef\u00f2nica d'Electro Servei Grup: Tel.: 93 871 30 86","og_url":"https:\/\/www.esg.cat\/index.php\/formulari-de-contacte\/","og_site_name":"Electro Servei Grup","article_publisher":"https:\/\/www.facebook.com\/electroserveigrup","article_modified_time":"2023-03-29T14:49:59+00:00","twitter_card":"summary_large_image","twitter_site":"@ElectroServeiGr","twitter_misc":{"Temps estimat de lectura":"1 minut"},"schema":{"@context":"https:\/\/schema.org","@graph":[{"@type":"WebPage","@id":"https:\/\/www.esg.cat\/index.php\/formulari-de-contacte\/","url":"https:\/\/www.esg.cat\/index.php\/formulari-de-contacte\/","name":"Formulari de Contacte - ESG - Electro Servei Grup","isPartOf":{"@id":"https:\/\/www.esg.cat\/#website"},"datePublished":"2016-05-31T10:48:40+00:00","dateModified":"2023-03-29T14:49:59+00:00","description":"Sol\u00b7licita informaci\u00f3 emplenant un formulari de contacte o trucant al Servei d\u2019Atenci\u00f3 Telef\u00f2nica d'Electro Servei Grup: Tel.: 93 871 30 86","breadcrumb":{"@id":"https:\/\/www.esg.cat\/index.php\/formulari-de-contacte\/#breadcrumb"},"inLanguage":"ca","potentialAction":[{"@type":"ReadAction","target":["https:\/\/www.esg.cat\/index.php\/formulari-de-contacte\/"]}]},{"@type":"BreadcrumbList","@id":"https:\/\/www.esg.cat\/index.php\/formulari-de-contacte\/#breadcrumb","itemListElement":[{"@type":"ListItem","position":1,"name":"Inici","item":"https:\/\/www.esg.cat\/"},{"@type":"ListItem","position":2,"name":"Formulari d&#8217;informaci\u00f3"}]},{"@type":"WebSite","@id":"https:\/\/www.esg.cat\/#website","url":"https:\/\/www.esg.cat\/","name":"Electro Servei Grup","description":"Telecomunicacions, seguretat, imatge i so i accessoris","potentialAction":[{"@type":"SearchAction","target":{"@type":"EntryPoint","urlTemplate":"https:\/\/www.esg.cat\/?s={search_term_string}"},"query-input":{"@type":"PropertyValueSpecification","valueRequired":true,"valueName":"search_term_string"}}],"inLanguage":"ca"}]}},"_links":{"self":[{"href":"https:\/\/www.esg.cat\/index.php\/wp-json\/wp\/v2\/pages\/622","targetHints":{"allow":["GET"]}}],"collection":[{"href":"https:\/\/www.esg.cat\/index.php\/wp-json\/wp\/v2\/pages"}],"about":[{"href":"https:\/\/www.esg.cat\/index.php\/wp-json\/wp\/v2\/types\/page"}],"author":[{"embeddable":true,"href":"https:\/\/www.esg.cat\/index.php\/wp-json\/wp\/v2\/users\/1"}],"replies":[{"embeddable":true,"href":"https:\/\/www.esg.cat\/index.php\/wp-json\/wp\/v2\/comments?post=622"}],"version-history":[{"count":54,"href":"https:\/\/www.esg.cat\/index.php\/wp-json\/wp\/v2\/pages\/622\/revisions"}],"predecessor-version":[{"id":639,"href":"https:\/\/www.esg.cat\/index.php\/wp-json\/wp\/v2\/pages\/622\/revisions\/639"}],"wp:attachment":[{"href":"https:\/\/www.esg.cat\/index.php\/wp-json\/wp\/v2\/media?parent=622"}],"curies":[{"name":"wp","href":"https:\/\/api.w.org\/{rel}","templated":true}]}}