{"id":551,"date":"2016-05-31T09:36:31","date_gmt":"2016-05-31T09:36:31","guid":{"rendered":"http:\/\/www.esg.cat\/?page_id=551"},"modified":"2023-04-18T15:52:58","modified_gmt":"2023-04-18T15:52:58","slug":"nlaira","status":"publish","type":"page","link":"https:\/\/www.esg.cat\/index.php\/nlaira\/","title":{"rendered":"nlaira"},"content":{"rendered":"<div id='full_slider_1'  class='avia-fullwidth-slider main_color avia-shadow   avia-builder-el-0  el_before_av_section  avia-builder-el-first   container_wrap fullsize' style='background-repeat: no-repeat; background-image: url(http:\/\/www.esg.cat\/wp-content\/uploads\/2016\/05\/OP-ima-slider-1.jpg); background-attachment: scroll; background-position: top left;'  >\n<style type=\"text\/css\" data-created_by=\"avia_inline_auto\" id=\"style-css-av-av_slideshow_full-256325c99c7f4f9a6f45cefb6316ea47\">\n#top .avia-slideshow .av-slideshow-caption.av-av_slideshow_full-256325c99c7f4f9a6f45cefb6316ea47__0 .avia-caption-content{\nfont-size:22px;\n}\n#top .avia-slideshow .av-slideshow-caption.av-av_slideshow_full-256325c99c7f4f9a6f45cefb6316ea47__0 .avia-caption-content p{\nfont-size:22px;\n}\n<\/style>\n<div  class='avia-slideshow av-av_slideshow_full-256325c99c7f4f9a6f45cefb6316ea47 avia-slideshow-featured av_slideshow_full avia-fade-slider av-slideshow-ui av-control-hidden av-no-slider-navigation av-hide-nav-arrows av-slideshow-autoplay av-loop-endless av-loop-manual-endless av-default-height-applied   avia-slideshow-1' data-slideshow-options=\"{&quot;animation&quot;:&quot;fade&quot;,&quot;autoplay&quot;:true,&quot;loop_autoplay&quot;:&quot;endless&quot;,&quot;interval&quot;:5,&quot;loop_manual&quot;:&quot;manual-endless&quot;,&quot;autoplay_stopper&quot;:false,&quot;noNavigation&quot;:true,&quot;bg_slider&quot;:false,&quot;keep_padding&quot;:false,&quot;hoverpause&quot;:false,&quot;show_slide_delay&quot;:0}\" ><ul class='avia-slideshow-inner ' style='padding-bottom: 28.666666666667%;'><li  class='avia-slideshow-slide av-av_slideshow_full-256325c99c7f4f9a6f45cefb6316ea47__0  av-single-slide slide-1 slide-odd'><div data-rel='slideshow-1' class='avia-slide-wrap '   ><div class='av-slideshow-caption av-av_slideshow_full-256325c99c7f4f9a6f45cefb6316ea47__0 caption_fullwidth caption_left caption_left_framed caption_framed'><div class=\"container caption_container\"><div class=\"slideshow_caption\"><div class=\"slideshow_inner_caption\"><div class=\"slideshow_align_caption\"><h2 class='avia-caption-title ' >LA XARXA PERFECTA<\/h2><div class='avia-caption-content ' ><p>Col\u00b7laborem amb les marques l\u00edders del mercat.<\/p>\n<\/div><\/div><\/div><\/div><\/div><\/div><img decoding=\"async\" fetchpriority=\"high\" class=\"wp-image-3353 avia-img-lazy-loading-not-3353\"  src=\"https:\/\/www.esg.cat\/wp-content\/uploads\/2023\/04\/ima-header-2023-1500x430.jpg\" width=\"1500\" height=\"430\" title='ima-header-2023' alt='' srcset=\"https:\/\/www.esg.cat\/wp-content\/uploads\/2023\/04\/ima-header-2023.jpg 1500w, https:\/\/www.esg.cat\/wp-content\/uploads\/2023\/04\/ima-header-2023-300x86.jpg 300w, https:\/\/www.esg.cat\/wp-content\/uploads\/2023\/04\/ima-header-2023-1030x295.jpg 1030w, https:\/\/www.esg.cat\/wp-content\/uploads\/2023\/04\/ima-header-2023-768x220.jpg 768w, https:\/\/www.esg.cat\/wp-content\/uploads\/2023\/04\/ima-header-2023-705x202.jpg 705w, https:\/\/www.esg.cat\/wp-content\/uploads\/2023\/04\/ima-header-2023-450x129.jpg 450w\" sizes=\"(max-width: 1500px) 100vw, 1500px\" \/><div class='av-section-color-overlay' style='opacity: 0.5; background-image: url(https:\/\/www.esg.cat\/wp-content\/themes\/enfold\/images\/background-images\/diagonal-bold-light.png); background-repeat: repeat;'><\/div><\/div><\/li><\/ul><\/div><\/div>\n\n<style type=\"text\/css\" data-created_by=\"avia_inline_auto\" id=\"style-css-av-av_section-1e536febadd9d01768fb6149bd69482e\">\n.avia-section.av-av_section-1e536febadd9d01768fb6149bd69482e{\nbackground-color:#dce123;\nbackground-image:unset;\n}\n.avia-section.av-av_section-1e536febadd9d01768fb6149bd69482e .av-section-color-overlay{\nopacity:0.5;\nbackground-image:url(https:\/\/www.esg.cat\/wp-content\/themes\/enfold\/images\/background-images\/diagonal-bold-dark.png);\nbackground-repeat:repeat;\n}\n.avia-section.av-av_section-1e536febadd9d01768fb6149bd69482e .av-extra-border-element .av-extra-border-inner{\nbackground-color:#dce123;\n}\n<\/style>\n<div id='av_section_1'  class='avia-section av-av_section-1e536febadd9d01768fb6149bd69482e main_color avia-section-default avia-shadow  avia-builder-el-1  el_after_av_slideshow_full  el_before_av_one_half  avia-bg-style-scroll av-section-color-overlay-active av-arrow-down-section container_wrap fullsize'  ><div class=\"av-section-color-overlay-wrap\"><div class=\"av-section-color-overlay\"><\/div><div class='container av-section-cont-open' ><div class='template-page content  av-content-full alpha units'><div class='post-entry post-entry-type-page post-entry-551'><div class='entry-content-wrapper clearfix'><\/div><\/div><\/div><!-- close content main div --><\/div><div class='av-extra-border-element border-extra-arrow-down'><div class='av-extra-border-outer'><div class='av-extra-border-inner'><\/div><\/div><\/div><\/div><\/div><div id='after_section_1'  class='main_color av_default_container_wrap container_wrap fullsize'  ><div class='container av-section-cont-open' ><div class='template-page content  av-content-full alpha units'><div class='post-entry post-entry-type-page post-entry-551'><div class='entry-content-wrapper clearfix'>\n\n<style type=\"text\/css\" data-created_by=\"avia_inline_auto\" id=\"style-css-av-av_one_half-9497bbf8bff73ea4c6992cc17fa9ec36\">\n.flex_column.av-av_one_half-9497bbf8bff73ea4c6992cc17fa9ec36{\nborder-radius:0px 0px 0px 0px;\npadding:0px 0px 0px 0px;\n}\n<\/style>\n<div  class='flex_column av-av_one_half-9497bbf8bff73ea4c6992cc17fa9ec36 av_one_half  avia-builder-el-2  el_after_av_section  el_before_av_one_half  avia-builder-el-first  first flex_column_div av-zero-column-padding  '     ><style type=\"text\/css\" data-created_by=\"avia_inline_auto\" id=\"style-css-av-av_image-8fa186db14c5c589c08ca084897ff32e\">\n.avia-image-container.av-av_image-8fa186db14c5c589c08ca084897ff32e img.avia_image{\nbox-shadow:none;\n}\n.avia-image-container.av-av_image-8fa186db14c5c589c08ca084897ff32e .av-image-caption-overlay-center{\ncolor:#ffffff;\n}\n<\/style>\n<div  class='avia-image-container av-av_image-8fa186db14c5c589c08ca084897ff32e av-styling- avia_animated_image av-animated-when-visible-95 bottom-to-top avia-align-center  avia-builder-el-3  avia-builder-el-no-sibling '  ><div class=\"avia-image-container-inner\"><div class=\"avia-image-overlay-wrap\"><img decoding=\"async\" fetchpriority=\"high\" class='wp-image-3341 avia-img-lazy-loading-not-3341 avia_image ' src=\"https:\/\/www.esg.cat\/wp-content\/uploads\/2023\/04\/OP-logo-nlaire-500x400-1.jpg\" alt='' title='OP-logo-nlaire-500x400'  height=\"400\" width=\"500\" srcset=\"https:\/\/www.esg.cat\/wp-content\/uploads\/2023\/04\/OP-logo-nlaire-500x400-1.jpg 500w, https:\/\/www.esg.cat\/wp-content\/uploads\/2023\/04\/OP-logo-nlaire-500x400-1-300x240.jpg 300w, https:\/\/www.esg.cat\/wp-content\/uploads\/2023\/04\/OP-logo-nlaire-500x400-1-450x360.jpg 450w\" sizes=\"(max-width: 500px) 100vw, 500px\" \/><\/div><\/div><\/div><\/div>\n\n<style type=\"text\/css\" data-created_by=\"avia_inline_auto\" id=\"style-css-av-av_one_half-9c1d454dc06f7247226bc4e8f931daae\">\n.flex_column.av-av_one_half-9c1d454dc06f7247226bc4e8f931daae{\nborder-radius:0px 0px 0px 0px;\npadding:0px 0px 0px 0px;\n}\n<\/style>\n<div  class='flex_column av-av_one_half-9c1d454dc06f7247226bc4e8f931daae av_one_half  avia-builder-el-4  el_after_av_one_half  avia-builder-el-last  flex_column_div av-zero-column-padding  '     ><p>\n<style type=\"text\/css\" data-created_by=\"avia_inline_auto\" id=\"style-css-av-av_heading-5545e3ec728cbddad05fe78eb8653e08\">\n#top .av-special-heading.av-av_heading-5545e3ec728cbddad05fe78eb8653e08{\npadding-bottom:10px;\n}\nbody .av-special-heading.av-av_heading-5545e3ec728cbddad05fe78eb8653e08 .av-special-heading-tag .heading-char{\nfont-size:25px;\n}\n.av-special-heading.av-av_heading-5545e3ec728cbddad05fe78eb8653e08 .av-subheading{\nfont-size:15px;\n}\n<\/style>\n<div  class='av-special-heading av-av_heading-5545e3ec728cbddad05fe78eb8653e08 av-special-heading-h2  avia-builder-el-5  el_before_av_textblock  avia-builder-el-first '><h2 class='av-special-heading-tag '  >Acc\u00e9s a Internet al Baix Montseny<\/h2><div class=\"special-heading-border\"><div class=\"special-heading-inner-border\"><\/div><\/div><\/div><br \/>\n<section  class='av_textblock_section av-av_textblock-2bd894dbf2e4bf2c4acf98ce4fbf94aa '  ><div class='avia_textblock' ><div class=\"rc\" data-hveid=\"26\">\n<div class=\"s\">\n<div><span class=\"st\">Acc\u00e9s a Internet al <strong>Baix Montseny<\/strong>, amb \u00f2ptima\u00a0qualitat i cost redu\u00eft.<\/span><\/div>\n<\/div>\n<\/div>\n<p>Un servei d&#8217;Internet m\u00e9s lliure, flexible i proper ja \u00e9s possible gr\u00e0cies a partners com <strong>nlaire<\/strong>.\u00a0\u00a0Per molt allunyat que et trobis dels nuclis urbans o per molt malament que arribi el senyal mitjan\u00e7ant el cable telef\u00f2nic, <strong>nlaira<\/strong>\u00a0aconsegueix connectar-te a Internet.<\/p>\n<p>Telefonia IP, connexi\u00f3 personal i connexi\u00f3 professional&#8230; Per a <strong>nlaira<\/strong>\u00a0no hi ha barreres!<\/p>\n<p>Et fan\u00a0arribar la connexi\u00f3 a Internet sense fils a casa teva o al teu negoci, a trav\u00e9s dels seus\u00a0repetidors repartits estrat\u00e8gicament per la zona del Baix Montseny. D\u2019aquesta manera, qualsevol persona pot disposar d\u2019una connexi\u00f3 de qualitat independentment de si disposa de cable telef\u00f2nic o no.<\/p>\n<hr \/>\n<p><a href=\"https:\/\/nlaira.cat\/\" target=\"_blank\" rel=\"noopener\">www.nlaira.cat<\/a><\/p>\n<\/div><\/section><\/p><\/div>\n","protected":false},"excerpt":{"rendered":"","protected":false},"author":1,"featured_media":0,"parent":0,"menu_order":13,"comment_status":"closed","ping_status":"closed","template":"","meta":{"footnotes":""},"class_list":["post-551","page","type-page","status-publish","hentry"],"yoast_head":"<!-- This site is optimized with the Yoast SEO plugin v26.0 - https:\/\/yoast.com\/wordpress\/plugins\/seo\/ -->\n<title>ESG - Electro Servei Grup - Solucions de telecomunicacions - nlaire<\/title>\n<meta name=\"description\" content=\"Solucions de telecomunicacions per a particulars, empreses i administradors de finques: Internet, Wi-Fi, m\u00f2bil, TV, dom\u00f2tica, seguretat i videovigil\u00e0ncia.\" \/>\n<meta name=\"robots\" content=\"index, follow, max-snippet:-1, max-image-preview:large, max-video-preview:-1\" \/>\n<link rel=\"canonical\" href=\"https:\/\/www.esg.cat\/index.php\/nlaira\/\" \/>\n<meta property=\"og:locale\" content=\"ca_ES\" \/>\n<meta property=\"og:type\" content=\"article\" \/>\n<meta property=\"og:title\" content=\"ESG - Electro Servei Grup - Solucions de telecomunicacions - nlaire\" \/>\n<meta property=\"og:description\" content=\"Solucions de telecomunicacions per a particulars, empreses i administradors de finques: Internet, Wi-Fi, m\u00f2bil, TV, dom\u00f2tica, seguretat i videovigil\u00e0ncia.\" \/>\n<meta property=\"og:url\" content=\"https:\/\/www.esg.cat\/index.php\/nlaira\/\" \/>\n<meta property=\"og:site_name\" content=\"Electro Servei Grup\" \/>\n<meta property=\"article:publisher\" content=\"https:\/\/www.facebook.com\/electroserveigrup\" \/>\n<meta property=\"article:modified_time\" content=\"2023-04-18T15:52:58+00:00\" \/>\n<meta name=\"twitter:card\" content=\"summary_large_image\" \/>\n<meta name=\"twitter:site\" content=\"@ElectroServeiGr\" \/>\n<meta name=\"twitter:label1\" content=\"Temps estimat de lectura\" \/>\n\t<meta name=\"twitter:data1\" content=\"2 minuts\" \/>\n<script type=\"application\/ld+json\" class=\"yoast-schema-graph\">{\"@context\":\"https:\/\/schema.org\",\"@graph\":[{\"@type\":\"WebPage\",\"@id\":\"https:\/\/www.esg.cat\/index.php\/nlaira\/\",\"url\":\"https:\/\/www.esg.cat\/index.php\/nlaira\/\",\"name\":\"ESG - Electro Servei Grup - Solucions de telecomunicacions - nlaire\",\"isPartOf\":{\"@id\":\"https:\/\/www.esg.cat\/#website\"},\"datePublished\":\"2016-05-31T09:36:31+00:00\",\"dateModified\":\"2023-04-18T15:52:58+00:00\",\"description\":\"Solucions de telecomunicacions per a particulars, empreses i administradors de finques: Internet, Wi-Fi, m\u00f2bil, TV, dom\u00f2tica, seguretat i videovigil\u00e0ncia.\",\"breadcrumb\":{\"@id\":\"https:\/\/www.esg.cat\/index.php\/nlaira\/#breadcrumb\"},\"inLanguage\":\"ca\",\"potentialAction\":[{\"@type\":\"ReadAction\",\"target\":[\"https:\/\/www.esg.cat\/index.php\/nlaira\/\"]}]},{\"@type\":\"BreadcrumbList\",\"@id\":\"https:\/\/www.esg.cat\/index.php\/nlaira\/#breadcrumb\",\"itemListElement\":[{\"@type\":\"ListItem\",\"position\":1,\"name\":\"Inici\",\"item\":\"https:\/\/www.esg.cat\/\"},{\"@type\":\"ListItem\",\"position\":2,\"name\":\"nlaira\"}]},{\"@type\":\"WebSite\",\"@id\":\"https:\/\/www.esg.cat\/#website\",\"url\":\"https:\/\/www.esg.cat\/\",\"name\":\"Electro Servei Grup\",\"description\":\"Telecomunicacions, seguretat, imatge i so i accessoris\",\"potentialAction\":[{\"@type\":\"SearchAction\",\"target\":{\"@type\":\"EntryPoint\",\"urlTemplate\":\"https:\/\/www.esg.cat\/?s={search_term_string}\"},\"query-input\":{\"@type\":\"PropertyValueSpecification\",\"valueRequired\":true,\"valueName\":\"search_term_string\"}}],\"inLanguage\":\"ca\"}]}<\/script>\n<!-- \/ Yoast SEO plugin. -->","yoast_head_json":{"title":"ESG - Electro Servei Grup - Solucions de telecomunicacions - nlaire","description":"Solucions de telecomunicacions per a particulars, empreses i administradors de finques: Internet, Wi-Fi, m\u00f2bil, TV, dom\u00f2tica, seguretat i videovigil\u00e0ncia.","robots":{"index":"index","follow":"follow","max-snippet":"max-snippet:-1","max-image-preview":"max-image-preview:large","max-video-preview":"max-video-preview:-1"},"canonical":"https:\/\/www.esg.cat\/index.php\/nlaira\/","og_locale":"ca_ES","og_type":"article","og_title":"ESG - Electro Servei Grup - Solucions de telecomunicacions - nlaire","og_description":"Solucions de telecomunicacions per a particulars, empreses i administradors de finques: Internet, Wi-Fi, m\u00f2bil, TV, dom\u00f2tica, seguretat i videovigil\u00e0ncia.","og_url":"https:\/\/www.esg.cat\/index.php\/nlaira\/","og_site_name":"Electro Servei Grup","article_publisher":"https:\/\/www.facebook.com\/electroserveigrup","article_modified_time":"2023-04-18T15:52:58+00:00","twitter_card":"summary_large_image","twitter_site":"@ElectroServeiGr","twitter_misc":{"Temps estimat de lectura":"2 minuts"},"schema":{"@context":"https:\/\/schema.org","@graph":[{"@type":"WebPage","@id":"https:\/\/www.esg.cat\/index.php\/nlaira\/","url":"https:\/\/www.esg.cat\/index.php\/nlaira\/","name":"ESG - Electro Servei Grup - Solucions de telecomunicacions - nlaire","isPartOf":{"@id":"https:\/\/www.esg.cat\/#website"},"datePublished":"2016-05-31T09:36:31+00:00","dateModified":"2023-04-18T15:52:58+00:00","description":"Solucions de telecomunicacions per a particulars, empreses i administradors de finques: Internet, Wi-Fi, m\u00f2bil, TV, dom\u00f2tica, seguretat i videovigil\u00e0ncia.","breadcrumb":{"@id":"https:\/\/www.esg.cat\/index.php\/nlaira\/#breadcrumb"},"inLanguage":"ca","potentialAction":[{"@type":"ReadAction","target":["https:\/\/www.esg.cat\/index.php\/nlaira\/"]}]},{"@type":"BreadcrumbList","@id":"https:\/\/www.esg.cat\/index.php\/nlaira\/#breadcrumb","itemListElement":[{"@type":"ListItem","position":1,"name":"Inici","item":"https:\/\/www.esg.cat\/"},{"@type":"ListItem","position":2,"name":"nlaira"}]},{"@type":"WebSite","@id":"https:\/\/www.esg.cat\/#website","url":"https:\/\/www.esg.cat\/","name":"Electro Servei Grup","description":"Telecomunicacions, seguretat, imatge i so i accessoris","potentialAction":[{"@type":"SearchAction","target":{"@type":"EntryPoint","urlTemplate":"https:\/\/www.esg.cat\/?s={search_term_string}"},"query-input":{"@type":"PropertyValueSpecification","valueRequired":true,"valueName":"search_term_string"}}],"inLanguage":"ca"}]}},"_links":{"self":[{"href":"https:\/\/www.esg.cat\/index.php\/wp-json\/wp\/v2\/pages\/551","targetHints":{"allow":["GET"]}}],"collection":[{"href":"https:\/\/www.esg.cat\/index.php\/wp-json\/wp\/v2\/pages"}],"about":[{"href":"https:\/\/www.esg.cat\/index.php\/wp-json\/wp\/v2\/types\/page"}],"author":[{"embeddable":true,"href":"https:\/\/www.esg.cat\/index.php\/wp-json\/wp\/v2\/users\/1"}],"replies":[{"embeddable":true,"href":"https:\/\/www.esg.cat\/index.php\/wp-json\/wp\/v2\/comments?post=551"}],"version-history":[{"count":35,"href":"https:\/\/www.esg.cat\/index.php\/wp-json\/wp\/v2\/pages\/551\/revisions"}],"predecessor-version":[{"id":3373,"href":"https:\/\/www.esg.cat\/index.php\/wp-json\/wp\/v2\/pages\/551\/revisions\/3373"}],"wp:attachment":[{"href":"https:\/\/www.esg.cat\/index.php\/wp-json\/wp\/v2\/media?parent=551"}],"curies":[{"name":"wp","href":"https:\/\/api.w.org\/{rel}","templated":true}]}}